{"id":16686,"date":"2024-10-28T15:14:49","date_gmt":"2024-10-28T15:14:49","guid":{"rendered":"https:\/\/attitude.no\/?page_id=16686"},"modified":"2024-11-06T10:18:13","modified_gmt":"2024-11-06T10:18:13","slug":"informasjonskapsler","status":"publish","type":"page","link":"https:\/\/attitude.no\/eng\/informasjonskapsler\/","title":{"rendered":"COOKIES"},"content":{"rendered":"<div data-elementor-type=\"wp-page\" data-elementor-id=\"16686\" class=\"elementor elementor-16686\" data-elementor-post-type=\"page\">\n\t\t\t\t<div class=\"elementor-element elementor-element-003704d e-flex e-con-boxed e-con e-parent\" data-id=\"003704d\" data-element_type=\"container\">\n\t\t\t\t\t<div class=\"e-con-inner\">\n\t\t<div class=\"elementor-element elementor-element-e3b1afa e-con-full e-flex e-con e-child\" data-id=\"e3b1afa\" data-element_type=\"container\">\n\t\t\t\t<div class=\"elementor-element elementor-element-3badbf0 elementor-widget elementor-widget-heading\" data-id=\"3badbf0\" data-element_type=\"widget\" data-widget_type=\"heading.default\">\n\t\t\t\t<div class=\"elementor-widget-container\">\n\t\t\t<h1 class=\"elementor-heading-title elementor-size-default\">COOKIES<\/h1>\t\t<\/div>\n\t\t\t\t<\/div>\n\t\t\t\t<\/div>\n\t\t\t\t\t<\/div>\n\t\t\t\t<\/div>\n\t\t<div class=\"elementor-element elementor-element-30ea31c e-flex e-con-boxed e-con e-parent\" data-id=\"30ea31c\" data-element_type=\"container\">\n\t\t\t\t\t<div class=\"e-con-inner\">\n\t\t<div class=\"elementor-element elementor-element-736ca68 e-con-full e-flex e-con e-child\" data-id=\"736ca68\" data-element_type=\"container\">\n\t\t\t\t<div class=\"elementor-element elementor-element-0216348 elementor-widget elementor-widget-text-editor\" data-id=\"0216348\" data-element_type=\"widget\" data-widget_type=\"text-editor.default\">\n\t\t\t\t<div class=\"elementor-widget-container\">\n\t\t\t\t\t\t\t<h3>\u00a0<\/h3><h3><strong>What are cookies?<\/strong><\/h3><p>Cookies are small text files stored on your device when you visit a website. These files are used to enhance the user experience by remembering preferences, recording usage patterns, and providing customized services.<\/p><h3><strong>How do we use cookies?<\/strong><\/h3><p>We use cookies for the following purposes:<\/p><ul><li><strong>To improve the user experience<\/strong>: To remember login details and language preferences.<\/li><li><strong>Analytics<\/strong>: To collect data on traffic and user behavior to improve our services.<\/li><li><strong>Marketing<\/strong>: To display relevant ads and measure the effectiveness of marketing campaigns.<\/li><\/ul><h3><strong>Types of cookies we use<\/strong><\/h3><ul><li><strong>Necessary cookies<\/strong>: Required for the website to function optimally. These cannot be turned off.<\/li><li><strong>Analytiske informasjonskapsler<\/strong>: Helps us understand how users navigate the site.<\/li><li><strong>Marketing cookies<\/strong>: Used to display relevant advertising across websites.<\/li><\/ul><h3><strong>Third-party cookies<\/strong><\/h3><p>We work with third-party providers such as Google Analytics, Facebook, and others, who may also place cookies on your device to provide personalized content and advertisements.<\/p><h3><strong>Your choices<\/strong><\/h3><p>You can control the use of cookies through your browser settings. Please note that disabling cookies may affect the functionality of our website.<\/p><h3><strong>Changes to this policy<\/strong><\/h3><p>We may update this policy from time to time. Please check this page for any updates.<\/p><h3><strong>Contact Us<\/strong><\/h3><p>Do you have questions about our use of cookies? Contact us at <a rel=\"noopener\">post@attitude.no<\/a>.<\/p><hr \/>\t\t\t\t\t\t<\/div>\n\t\t\t\t<\/div>\n\t\t\t\t<\/div>\n\t\t\t\t\t<\/div>\n\t\t\t\t<\/div>\n\t\t\t\t<\/div>","protected":false},"excerpt":{"rendered":"<p>Informasjonskapsler \u00a0 Hva er informasjonskapsler? Informasjonskapsler, ofte kalt cookies, er sm\u00e5 tekstfiler som lagres p\u00e5 enheten din n\u00e5r du bes\u00f8ker en nettside. Disse filene brukes til \u00e5 forbedre brukeropplevelsen ved \u00e5 huske preferanser, registrere bruksm\u00f8nstre og tilby tilpassede tjenester. Hvordan bruker vi informasjonskapsler? Vi bruker informasjonskapsler til f\u00f8lgende form\u00e5l: Forbedre brukeropplevelsen: Huske innloggingsdetaljer og spr\u00e5kpreferanser. [&hellip;]<\/p>","protected":false},"author":1,"featured_media":0,"parent":0,"menu_order":0,"comment_status":"closed","ping_status":"closed","template":"","meta":{"_acf_changed":false,"content-type":"","rank_math_lock_modified_date":false,"footnotes":""},"class_list":["post-16686","page","type-page","status-publish","hentry"],"acf":[],"_links":{"self":[{"href":"https:\/\/attitude.no\/eng\/wp-json\/wp\/v2\/pages\/16686","targetHints":{"allow":["GET"]}}],"collection":[{"href":"https:\/\/attitude.no\/eng\/wp-json\/wp\/v2\/pages"}],"about":[{"href":"https:\/\/attitude.no\/eng\/wp-json\/wp\/v2\/types\/page"}],"author":[{"embeddable":true,"href":"https:\/\/attitude.no\/eng\/wp-json\/wp\/v2\/users\/1"}],"replies":[{"embeddable":true,"href":"https:\/\/attitude.no\/eng\/wp-json\/wp\/v2\/comments?post=16686"}],"version-history":[{"count":0,"href":"https:\/\/attitude.no\/eng\/wp-json\/wp\/v2\/pages\/16686\/revisions"}],"wp:attachment":[{"href":"https:\/\/attitude.no\/eng\/wp-json\/wp\/v2\/media?parent=16686"}],"curies":[{"name":"wp","href":"https:\/\/api.w.org\/{rel}","templated":true}]}}