{"id":15924,"date":"2024-10-17T06:18:36","date_gmt":"2024-10-17T06:18:36","guid":{"rendered":"https:\/\/attitude.no\/?page_id=15924"},"modified":"2025-10-15T11:51:48","modified_gmt":"2025-10-15T11:51:48","slug":"foresporsel","status":"publish","type":"page","link":"https:\/\/attitude.no\/eng\/foresporsel\/","title":{"rendered":"REQUEST"},"content":{"rendered":"<div data-elementor-type=\"wp-page\" data-elementor-id=\"15924\" class=\"elementor elementor-15924\" data-elementor-post-type=\"page\">\n\t\t\t\t<div class=\"elementor-element elementor-element-9c1d22d e-flex e-con-boxed e-con e-parent\" data-id=\"9c1d22d\" data-element_type=\"container\">\n\t\t\t\t\t<div class=\"e-con-inner\">\n\t\t<div class=\"elementor-element elementor-element-45d2303 e-con-full e-flex e-con e-child\" data-id=\"45d2303\" data-element_type=\"container\">\n\t\t<div class=\"elementor-element elementor-element-4a51783 e-con-full e-flex e-con e-child\" data-id=\"4a51783\" data-element_type=\"container\">\n\t\t\t\t<div class=\"elementor-element elementor-element-699f83c font-alignment elementor-widget elementor-widget-heading\" data-id=\"699f83c\" data-element_type=\"widget\" data-widget_type=\"heading.default\">\n\t\t\t\t<div class=\"elementor-widget-container\">\n\t\t\t<h1 class=\"elementor-heading-title elementor-size-default\">REQUEST<\/h1>\t\t<\/div>\n\t\t\t\t<\/div>\n\t\t\t\t<\/div>\n\t\t<div class=\"elementor-element elementor-element-4fb653a e-con-full e-flex e-con e-child\" data-id=\"4fb653a\" data-element_type=\"container\">\n\t\t\t\t<div class=\"elementor-element elementor-element-5d4b4ab elementor-widget elementor-widget-heading\" data-id=\"5d4b4ab\" data-element_type=\"widget\" data-widget_type=\"heading.default\">\n\t\t\t\t<div class=\"elementor-widget-container\">\n\t\t\t<span class=\"elementor-heading-title elementor-size-default\">Get quick and easy answers to all your questions \u2013 Who is the best fit for your tattoo, how much time we will need, and an approximate <a href=\"https:\/\/attitude.no\/eng\/magasinet\/hva-koster-en-tatovering\/\">estimate<\/a>, completely without obligation.<\/span>\t\t<\/div>\n\t\t\t\t<\/div>\n\t\t\t\t<\/div>\n\t\t\t\t<\/div>\n\t\t\t\t\t<\/div>\n\t\t\t\t<\/div>\n\t\t<div class=\"elementor-element elementor-element-663bd61 e-flex e-con-boxed e-con e-parent\" data-id=\"663bd61\" data-element_type=\"container\">\n\t\t\t\t\t<div class=\"e-con-inner\">\n\t\t\t\t<div class=\"elementor-element elementor-element-0fea711 elementor-widget elementor-widget-pafe-form-builder-field\" data-id=\"0fea711\" data-element_type=\"widget\" data-widget_type=\"pafe-form-builder-field.default\">\n\t\t\t\t<div class=\"elementor-widget-container\">\n\t\t\t\t\t\r\n\t\t<div class=\"elementor-form-fields-wrapper elementor-labels-above pafe-form-builder-field\">\r\n\t\t\t<div class=\"elementor-field-type-textarea elementor-field-group elementor-column elementor-field-group-information elementor-col-100 elementor-field-required elementor-mark-required\">\r\n\t\t\t\t<label for=\"form-field-information\" class=\"elementor-field-label\">What would you like?<\/label><div data-pafe-form-builder-required><\/div><div class=\"pafe-field-container\"><textarea class=\"elementor-field  elementor-size-\" name=\"form_fields[information]\" id=\"form-field-information\" rows=\"4\" required=\"required\" aria-required=\"true\" data-pafe-form-builder-default-value=\"\" data-pafe-form-builder-form-id=\"foresporsel_form\"><\/textarea><\/div>\t\t\t<\/div>\r\n\t\t<\/div>\r\n\t\t\t<\/div>\n\t\t\t\t<\/div>\n\t\t<div class=\"elementor-element elementor-element-4c6001d e-con-full e-flex e-con e-child\" data-id=\"4c6001d\" data-element_type=\"container\">\n\t\t<div class=\"elementor-element elementor-element-d03313e e-con-full e-flex e-con e-child\" data-id=\"d03313e\" data-element_type=\"container\">\n\t\t\t\t<div class=\"elementor-element elementor-element-9bad740 elementor-widget elementor-widget-pafe-form-builder-field\" data-id=\"9bad740\" data-element_type=\"widget\" data-widget_type=\"pafe-form-builder-field.default\">\n\t\t\t\t<div class=\"elementor-widget-container\">\n\t\t\t\t\t\r\n\t\t<div class=\"elementor-form-fields-wrapper elementor-labels-above pafe-form-builder-field\">\r\n\t\t\t<div class=\"elementor-field-type-text elementor-field-group elementor-column elementor-field-group-body_position elementor-col-100 elementor-field-required elementor-mark-required\">\r\n\t\t\t\t<label for=\"form-field-body_position\" class=\"elementor-field-label\">Placement on the body<\/label><div data-pafe-form-builder-required><\/div><div class=\"pafe-field-container\"><input size=\"1\" class=\"elementor-field elementor-size-\" type=\"text\" name=\"form_fields[body_position]\" id=\"form-field-body_position\" autocomplete=\"on\" data-pafe-form-builder-default-value=\"\" value=\"\" data-pafe-form-builder-value=\"\" required=\"required\" aria-required=\"true\" data-pafe-form-builder-form-id=\"foresporsel_form\"><\/div>\t\t\t<\/div>\r\n\t\t<\/div>\r\n\t\t\t<\/div>\n\t\t\t\t<\/div>\n\t\t\t\t<\/div>\n\t\t<div class=\"elementor-element elementor-element-cca4964 e-con-full e-flex e-con e-child\" data-id=\"cca4964\" data-element_type=\"container\">\n\t\t\t\t<div class=\"elementor-element elementor-element-a14804f elementor-widget elementor-widget-pafe-form-builder-field\" data-id=\"a14804f\" data-element_type=\"widget\" data-widget_type=\"pafe-form-builder-field.default\">\n\t\t\t\t<div class=\"elementor-widget-container\">\n\t\t\t\t\t\r\n\t\t<div class=\"elementor-form-fields-wrapper elementor-labels-above pafe-form-builder-field\">\r\n\t\t\t<div class=\"elementor-field-type-select elementor-field-group elementor-column elementor-field-group-tattoo_size elementor-col-100 elementor-field-required elementor-mark-required\">\r\n\t\t\t\t<label for=\"form-field-tattoo_size\" class=\"elementor-field-label\">Size<\/label><div data-pafe-form-builder-required><\/div><div class=\"pafe-field-container\">\t\t<div class=\"elementor-field elementor-select-wrapper  pafe-select-drop-down\">\r\n\t\t\t<select name=\"form_fields[tattoo_size]\" id=\"form-field-tattoo_size\" class=\"elementor-field-textual elementor-size-\" data-pafe-field-type=\"select\" required=\"required\" aria-required=\"true\" data-pafe-form-builder-form-id=\"foresporsel_form\" data-pafe-form-builder-default-value=\"\" data-options='[&quot;&lt; 5 cm&quot;,&quot;5-10 cm&quot;,&quot;10-15 cm&quot;,&quot;15-20 cm&quot;,&quot;20-25 cm&quot;,&quot;25-30 cm&quot;,&quot;30-35 cm&quot;,&quot;35-40 cm&quot;,&quot;40-45 cm&quot;,&quot;45-50 cm&quot;,&quot;&gt; 50 cm&quot;]'  >\r\n\t\t\t\t<option value=\"&lt; 5 cm\">&lt; 5 cm<\/option><option value=\"5-10 cm\">5-10 cm<\/option><option value=\"10-15 cm\">10-15 cm<\/option><option value=\"15-20 cm\">15-20 cm<\/option><option value=\"20-25 cm\">20-25 cm<\/option><option value=\"25-30 cm\">25-30 cm<\/option><option value=\"30-35 cm\">30-35 cm<\/option><option value=\"35-40 cm\">35-40 cm<\/option><option value=\"40-45 cm\">40-45 cm<\/option><option value=\"45-50 cm\">45-50 cm<\/option><option value=\"&gt; 50 cm\">&gt; 50 cm<\/option>\t\t\t<\/select>\r\n\t\t<\/div>\r\n\t\t<\/div>\t\t\t<\/div>\r\n\t\t<\/div>\r\n\t\t\t<\/div>\n\t\t\t\t<\/div>\n\t\t\t\t<\/div>\n\t\t\t\t<\/div>\n\t\t<div class=\"elementor-element elementor-element-5ee6c00 e-con-full e-flex e-con e-child\" data-id=\"5ee6c00\" data-element_type=\"container\">\n\t\t<div class=\"elementor-element elementor-element-57ab64e e-con-full e-flex e-con e-child\" data-id=\"57ab64e\" data-element_type=\"container\">\n\t\t\t\t<div class=\"elementor-element elementor-element-3638bde elementor-widget elementor-widget-pafe-form-builder-field\" data-id=\"3638bde\" data-element_type=\"widget\" data-widget_type=\"pafe-form-builder-field.default\">\n\t\t\t\t<div class=\"elementor-widget-container\">\n\t\t\t\t\t\r\n\t\t<div class=\"elementor-form-fields-wrapper elementor-labels-above pafe-form-builder-field\">\r\n\t\t\t<div class=\"elementor-field-type-checkbox elementor-field-group elementor-column elementor-field-group-velg_farge elementor-col-100 elementor-field-required elementor-mark-required\">\r\n\t\t\t\t<label for=\"form-field-velg_farge\" class=\"elementor-field-label\">Color<\/label><div data-pafe-form-builder-required><\/div><div class=\"pafe-field-container\"><script type=\"text\/javascript\">if(void 0===clearValidity){function clearValidity(i){console.log(jQuery(i)); jQuery(i).closest(\".elementor-field-subgroup\").find(\".elementor-field-option input\").each((function(){jQuery(this)[0].setCustomValidity(\"\")}))};}<\/script><form><div class=\"elementor-field-subgroup  elementor-subgroup-inline\"><span class=\"elementor-field-option\"><input type=\"checkbox\" value=\"Svart \/ Hvit\" data-value=\"Svart \/ Hvit\" id=\"form-field-velg_farge-0\" name=\"form_fields[velg_farge][]\" data-pafe-checkbox-limit-multiple=\"1\" data-pafe-form-builder-default-value=\"\" data-pafe-form-builder-form-id=\"foresporsel_form\"> <label for=\"form-field-velg_farge-0\" class=\"pafe-checkbox-label\">Black \/ White<\/label><\/span><span class=\"elementor-field-option\"><input type=\"checkbox\" value=\"Farger\" data-value=\"Farger\" id=\"form-field-velg_farge-1\" name=\"form_fields[velg_farge][]\" data-pafe-checkbox-limit-multiple=\"1\" data-pafe-form-builder-default-value=\"\" data-pafe-form-builder-form-id=\"foresporsel_form\"> <label for=\"form-field-velg_farge-1\" class=\"pafe-checkbox-label\">Colors<\/label><\/span><\/div><input type=\"hidden\" name=\"trp-form-language\" value=\"eng\"\/><\/form><\/div>\t\t\t<\/div>\r\n\t\t<\/div>\r\n\t\t\t<\/div>\n\t\t\t\t<\/div>\n\t\t\t\t<\/div>\n\t\t<div class=\"elementor-element elementor-element-d89efac e-con-full e-flex e-con e-child\" data-id=\"d89efac\" data-element_type=\"container\">\n\t\t\t\t<div class=\"elementor-element elementor-element-2005148 custom-file-input elementor-widget elementor-widget-pafe-form-builder-field\" data-id=\"2005148\" data-element_type=\"widget\" data-widget_type=\"pafe-form-builder-field.default\">\n\t\t\t\t<div class=\"elementor-widget-container\">\n\t\t\t\t\t\r\n\t\t<div class=\"elementor-form-fields-wrapper elementor-labels-above pafe-form-builder-field\">\r\n\t\t\t<div class=\"elementor-field-type-upload elementor-field-group elementor-column elementor-field-group-bildereferanse elementor-col-100\">\r\n\t\t\t\t<label for=\"form-field-bildereferanse\" class=\"elementor-field-label\">Picture reference<\/label><div data-pafe-form-builder-required><\/div><div class=\"pafe-field-container\"><form action='https:\/\/attitude.no\/eng\/wp-json\/wp\/v2\/pages\/15924' class='pafe-form-builder-upload' data-pafe-form-builder-upload enctype='multipart\/form-data' data-trp-original-action=\"#\"><input type=\"file\" class=\"elementor-field elementor-size-\" name=\"upload_field\" id=\"form-field-bildereferanse\" autocomplete=\"on\" data-pafe-form-builder-default-value=\"\" value=\"\" data-pafe-form-builder-value=\"\" multiple=\"multiple\" data-attach-files=\"1\" data-accept=\"jpg,jpeg,heic,gif,pdf,png\" data-types-message=\"Last opp en jpg-, gif-, PDF- eller png-fil.\" data-pafe-form-builder-form-id=\"foresporsel_form\"><input type=\"hidden\" name=\"trp-form-language\" value=\"eng\"\/><\/form><\/div>\t\t\t<\/div>\r\n\t\t<\/div>\r\n\t\t\t<\/div>\n\t\t\t\t<\/div>\n\t\t\t\t<\/div>\n\t\t\t\t<\/div>\n\t\t<div class=\"elementor-element elementor-element-d583115 e-con-full e-flex e-con e-child\" data-id=\"d583115\" data-element_type=\"container\">\n\t\t<div class=\"elementor-element elementor-element-810165f e-con-full e-flex e-con e-child\" data-id=\"810165f\" data-element_type=\"container\">\n\t\t\t\t<div class=\"elementor-element elementor-element-3e3b56d elementor-widget elementor-widget-pafe-form-builder-field\" data-id=\"3e3b56d\" data-element_type=\"widget\" data-widget_type=\"pafe-form-builder-field.default\">\n\t\t\t\t<div class=\"elementor-widget-container\">\n\t\t\t\t\t\r\n\t\t<div class=\"elementor-form-fields-wrapper elementor-labels-above pafe-form-builder-field\">\r\n\t\t\t<div class=\"elementor-field-type-checkbox elementor-field-group elementor-column elementor-field-group-coverup elementor-col-100\">\r\n\t\t\t\t<label for=\"form-field-coverup\" class=\"elementor-field-label\">Is your new tattoo a cover-up?<\/label><div data-pafe-form-builder-required><\/div><div class=\"pafe-field-container\"><script type=\"text\/javascript\">if(void 0===clearValidity){function clearValidity(i){console.log(jQuery(i)); jQuery(i).closest(\".elementor-field-subgroup\").find(\".elementor-field-option input\").each((function(){jQuery(this)[0].setCustomValidity(\"\")}))};}<\/script><form><div class=\"elementor-field-subgroup  elementor-subgroup-inline\"><span class=\"elementor-field-option\"><input type=\"checkbox\" value=\"Ja\" data-value=\"Ja\" id=\"form-field-coverup-0\" name=\"form_fields[coverup]\" data-pafe-checkbox-limit-multiple=\"1\" data-pafe-form-builder-default-value=\"Ingen\" data-pafe-form-builder-form-id=\"foresporsel_form\"> <label for=\"form-field-coverup-0\" class=\"pafe-checkbox-label\">Yes<\/label><\/span><\/div><input type=\"hidden\" name=\"trp-form-language\" value=\"eng\"\/><\/form><\/div>\t\t\t<\/div>\r\n\t\t<\/div>\r\n\t\t\t<\/div>\n\t\t\t\t<\/div>\n\t\t\t\t<\/div>\n\t\t<div class=\"elementor-element elementor-element-77adb79 e-con-full e-flex e-con e-child\" data-id=\"77adb79\" data-element_type=\"container\">\n\t\t\t\t<div style=\"display:none\" class=\"elementor-element elementor-element-3d3744e custom-file-input elementor-widget elementor-widget-pafe-form-builder-field\" data-id=\"3d3744e\" data-element_type=\"widget\" data-widget_type=\"pafe-form-builder-field.default\">\n\t\t\t\t<div class=\"elementor-widget-container\">\n\t\t\t\t\t\r\n\t\t<div class=\"elementor-form-fields-wrapper elementor-labels-above pafe-form-builder-field\">\r\n\t\t\t<div class=\"elementor-field-type-upload elementor-field-group elementor-column elementor-field-group-coverup_bilde elementor-col-100\" data-pafe-form-builder-conditional-logic=\"[{&quot;_id&quot;:&quot;54d198d&quot;,&quot;pafe_conditional_logic_form_if&quot;:&quot;coverup&quot;,&quot;pafe_conditional_logic_form_comparison_operators&quot;:&quot;=&quot;,&quot;pafe_conditional_logic_form_value&quot;:&quot;Ja&quot;,&quot;pafe_conditional_logic_form_action&quot;:[&quot;show&quot;],&quot;pafe_conditional_logic_form_set_value&quot;:null,&quot;pafe_conditional_logic_form_set_value_for&quot;:null,&quot;pafe_conditional_logic_form_type&quot;:&quot;string&quot;,&quot;pafe_conditional_logic_form_and_or_operators&quot;:&quot;or&quot;}]\" data-pafe-form-builder-conditional-logic-speed=\"400\" data-pafe-form-builder-conditional-logic-easing=\"swing\">\r\n\t\t\t\t<label for=\"form-field-coverup_bilde\" class=\"elementor-field-label\">Vennligst Last opp bilde av tatoveringen din<\/label><div data-pafe-form-builder-required><\/div><div class=\"pafe-field-container\"><form action='https:\/\/attitude.no\/eng\/wp-json\/wp\/v2\/pages\/15924' class='pafe-form-builder-upload' data-pafe-form-builder-upload enctype='multipart\/form-data' data-trp-original-action=\"#\"><input type=\"file\" class=\"elementor-field elementor-size-\" name=\"upload_field\" id=\"form-field-coverup_bilde\" autocomplete=\"on\" data-pafe-form-builder-default-value=\"\" value=\"\" data-pafe-form-builder-value=\"\" multiple=\"multiple\" data-attach-files=\"1\" data-accept=\"jpg,jpeg,heic,gif,pdf,png\" data-types-message=\"Last opp en jpg-, gif-, PDF- eller png-fil.\" data-pafe-form-builder-form-id=\"foresporsel_form\"><input type=\"hidden\" name=\"trp-form-language\" value=\"eng\"\/><\/form><\/div>\t\t\t<\/div>\r\n\t\t<\/div>\r\n\t\t\t<\/div>\n\t\t\t\t<\/div>\n\t\t\t\t<\/div>\n\t\t\t\t<\/div>\n\t\t\t\t<div class=\"elementor-element elementor-element-5b7ed60 elementor-widget elementor-widget-pafe-form-builder-field\" data-id=\"5b7ed60\" data-element_type=\"widget\" data-widget_type=\"pafe-form-builder-field.default\">\n\t\t\t\t<div class=\"elementor-widget-container\">\n\t\t\t\t\t\r\n\t\t<div class=\"elementor-form-fields-wrapper elementor-labels-above pafe-form-builder-field\">\r\n\t\t\t<div class=\"elementor-field-type-text elementor-field-group elementor-column elementor-field-group-navn elementor-col-100 elementor-field-required elementor-mark-required\">\r\n\t\t\t\t<label for=\"form-field-navn\" class=\"elementor-field-label\">Full name<\/label><div data-pafe-form-builder-required><\/div><div class=\"pafe-field-container\"><input size=\"1\" class=\"elementor-field elementor-size-\" type=\"text\" name=\"form_fields[navn]\" id=\"form-field-navn\" autocomplete=\"on\" data-pafe-form-builder-default-value=\"\" value=\"\" data-pafe-form-builder-value=\"\" required=\"required\" aria-required=\"true\" data-pafe-form-builder-form-id=\"foresporsel_form\"><\/div>\t\t\t<\/div>\r\n\t\t<\/div>\r\n\t\t\t<\/div>\n\t\t\t\t<\/div>\n\t\t<div class=\"elementor-element elementor-element-788fd3e e-con-full e-flex e-con e-child\" data-id=\"788fd3e\" data-element_type=\"container\">\n\t\t<div class=\"elementor-element elementor-element-d595522 e-con-full e-flex e-con e-child\" data-id=\"d595522\" data-element_type=\"container\">\n\t\t\t\t<div class=\"elementor-element elementor-element-1f6d5d6 elementor-widget elementor-widget-pafe-form-builder-field\" data-id=\"1f6d5d6\" data-element_type=\"widget\" data-widget_type=\"pafe-form-builder-field.default\">\n\t\t\t\t<div class=\"elementor-widget-container\">\n\t\t\t\t\t\r\n\t\t<div class=\"elementor-form-fields-wrapper elementor-labels-above pafe-form-builder-field\">\r\n\t\t\t<div class=\"elementor-field-type-email elementor-field-group elementor-column elementor-field-group-e_post elementor-col-100 elementor-field-required elementor-mark-required\">\r\n\t\t\t\t<label for=\"form-field-e_post\" class=\"elementor-field-label\">Email<\/label><div data-pafe-form-builder-required><\/div><div class=\"pafe-field-container\"><input size=\"1\" class=\"elementor-field elementor-size-\" type=\"email\" name=\"form_fields[e_post]\" id=\"form-field-e_post\" autocomplete=\"on\" data-pafe-form-builder-default-value=\"\" value=\"\" data-pafe-form-builder-value=\"\" required=\"required\" aria-required=\"true\" data-pafe-form-builder-form-id=\"foresporsel_form\"><\/div>\t\t\t<\/div>\r\n\t\t<\/div>\r\n\t\t\t<\/div>\n\t\t\t\t<\/div>\n\t\t\t\t<\/div>\n\t\t<div class=\"elementor-element elementor-element-0e490b8 e-con-full e-flex e-con e-child\" data-id=\"0e490b8\" data-element_type=\"container\">\n\t\t\t\t<div class=\"elementor-element elementor-element-1e51076 elementor-widget elementor-widget-pafe-form-builder-field\" data-id=\"1e51076\" data-element_type=\"widget\" data-widget_type=\"pafe-form-builder-field.default\">\n\t\t\t\t<div class=\"elementor-widget-container\">\n\t\t\t\t\t\r\n\t\t<div class=\"elementor-form-fields-wrapper elementor-labels-above pafe-form-builder-field\">\r\n\t\t\t<div class=\"elementor-field-type-tel elementor-field-group elementor-column elementor-field-group-telefon elementor-col-100 elementor-field-required elementor-mark-required\">\r\n\t\t\t\t<label for=\"form-field-telefon\" class=\"elementor-field-label\">Phone number<\/label><div data-pafe-form-builder-required><\/div><div class=\"pafe-field-container\"><input size=\"1\" class=\"elementor-field elementor-size-\" type=\"tel\" name=\"form_fields[telefon]\" id=\"form-field-telefon\" autocomplete=\"on\" data-pafe-form-builder-default-value=\"\" value=\"\" data-pafe-form-builder-value=\"\" required=\"required\" aria-required=\"true\" data-pafe-form-builder-form-id=\"foresporsel_form\" pattern=\"[0-9()#&amp;+*\\-.]+\" title=\"Only numbers and phone characters (#, -, *, etc) are accepted.\"><\/div>\t\t\t<\/div>\r\n\t\t<\/div>\r\n\t\t\t<\/div>\n\t\t\t\t<\/div>\n\t\t\t\t<\/div>\n\t\t\t\t<\/div>\n\t\t<div class=\"elementor-element elementor-element-632be0b e-con-full e-flex e-con e-child\" data-id=\"632be0b\" data-element_type=\"container\">\n\t\t\t\t<div class=\"elementor-element elementor-element-9cb558d elementor-widget elementor-widget-pafe-form-builder-field\" data-id=\"9cb558d\" data-element_type=\"widget\" data-widget_type=\"pafe-form-builder-field.default\">\n\t\t\t\t<div class=\"elementor-widget-container\">\n\t\t\t\t\t\r\n\t\t<div class=\"elementor-form-fields-wrapper elementor-labels-above pafe-form-builder-field\">\r\n\t\t\t<div class=\"elementor-field-type-acceptance elementor-field-group elementor-column elementor-field-group-accept1 elementor-col-100 elementor-field-required\">\r\n\t\t\t\t<div data-pafe-form-builder-required><\/div><div class=\"pafe-field-container\"><div class=\"elementor-field-subgroup\"><span class=\"elementor-field-option\"><input class=\"elementor-field elementor-size-  elementor-acceptance-field\" type=\"checkbox\" name=\"form_fields[accept1]\" id=\"form-field-accept1\" autocomplete=\"on\" data-pafe-form-builder-default-value=\"\" data-pafe-form-builder-value=\"\" required=\"required\" aria-required=\"true\" data-pafe-form-builder-form-id=\"foresporsel_form\" value=\"yes\"> <label for=\"form-field-accept1\" class=\"pafe-checkbox-label\">I am over 18 years old. No exceptions will be made.<\/label><\/span><\/div><\/div>\t\t\t<\/div>\r\n\t\t<\/div>\r\n\t\t\t<\/div>\n\t\t\t\t<\/div>\n\t\t\t\t<div class=\"elementor-element elementor-element-2867610 elementor-widget elementor-widget-pafe-form-builder-field\" data-id=\"2867610\" data-element_type=\"widget\" data-widget_type=\"pafe-form-builder-field.default\">\n\t\t\t\t<div class=\"elementor-widget-container\">\n\t\t\t\t\t\r\n\t\t<div class=\"elementor-form-fields-wrapper elementor-labels-above pafe-form-builder-field\">\r\n\t\t\t<div class=\"elementor-field-type-acceptance elementor-field-group elementor-column elementor-field-group-accept2 elementor-col-100 elementor-field-required\">\r\n\t\t\t\t<div data-pafe-form-builder-required><\/div><div class=\"pafe-field-container\"><div class=\"elementor-field-subgroup\"><span class=\"elementor-field-option\"><input class=\"elementor-field elementor-size-  elementor-acceptance-field\" type=\"checkbox\" name=\"form_fields[accept2]\" id=\"form-field-accept2\" autocomplete=\"on\" data-pafe-form-builder-default-value=\"\" data-pafe-form-builder-value=\"\" required=\"required\" aria-required=\"true\" data-pafe-form-builder-form-id=\"foresporsel_form\" value=\"yes\"> <label for=\"form-field-accept2\" class=\"pafe-checkbox-label\">I have read and approve the <a href=\"\/eng\/egenerklaering\/\" target=\"_blank\"> self-declaration<\/a>.<\/label><\/span><\/div><\/div>\t\t\t<\/div>\r\n\t\t<\/div>\r\n\t\t\t<\/div>\n\t\t\t\t<\/div>\n\t\t\t\t<\/div>\n\t\t\t\t<div class=\"elementor-element elementor-element-2dcda95 elementor-align-justify elementor-widget elementor-widget-pafe-form-builder-submit\" data-id=\"2dcda95\" data-element_type=\"widget\" data-widget_type=\"pafe-form-builder-submit.default\">\n\t\t\t\t<div class=\"elementor-widget-container\">\n\t\t\t\t\t<input type=\"hidden\" name=\"post_id\" value=\"15924\" data-pafe-form-builder-hidden-form-id=\"foresporsel_form\"\/>\r\n\t\t<input type=\"hidden\" name=\"form_id\" value=\"2dcda95\" data-pafe-form-builder-hidden-form-id=\"foresporsel_form\"\/>\r\n\t\t<input type=\"hidden\" name=\"remote_ip\" value=\"216.73.216.175\" data-pafe-form-builder-hidden-form-id=\"foresporsel_form\"\/>\r\n\r\n\t\t\t\t\t<input type=\"hidden\" name=\"redirect\" value=\"\/takk\/\" data-pafe-form-builder-hidden-form-id=\"foresporsel_form\" data-pafe-form-builder-open-new-tab=\"\"\/>\r\n\t\t\r\n\t\t\r\n\t\t\r\n\t\t\r\n\t\t<div class=\"elementor-button-wrapper\">\r\n\t\t\t<button class=\"elementor-button pafe-form-builder-button elementor-size-sm\" data-pafe-submit-keyboard=\"false\" data-pafe-submit-hide=\"false\" role=\"button\" data-pafe-form-builder-required-text=\"Dette feltet m\u00e5 fylles ut.\" data-pafe-form-builder-submit-form-id=\"foresporsel_form\" data-pafe-razor-payment=\"no\" data-pafe-razor-sub=\"no\">\r\n\t\t\t\t\t\t<span class=\"elementor-button-content-wrapper\">\r\n\t\t\t<span class=\"elementor-button-text elementor-form-spinner\"><i class=\"fa fa-spinner fa-spin\"><\/i><\/span>\r\n\t\t\t\t\t\t<span class=\"elementor-button-text\">SEND<\/span>\r\n\t\t<\/span>\r\n\t\t\t\t\t<\/button>\r\n\t\t<\/div>\r\n\r\n\t\t\r\n\t\t                \t\t\t\t\t\t\r\n        \r\n        \t\t<div id=\"pafe-form-builder-trigger-success-foresporsel_form\" data-pafe-form-builder-trigger-success=\"foresporsel_form\" data-disable-clean-form=\"no\" style=\"display: none\"><\/div>\r\n\t\t<div id=\"pafe-form-builder-trigger-failed-foresporsel_form\" data-pafe-form-builder-trigger-failed=\"foresporsel_form\" style=\"display: none\"><\/div>\r\n\t\t<div class=\"pafe-form-builder-alert pafe-form-builder-alert--mail\">\r\n\t\t\t<div class=\"elementor-message elementor-message-success\" role=\"alert\" data-pafe-form-builder-message=\"Meldingen er sendt!\">Meldingen er sendt!<\/div>\r\n\t\t\t<div class=\"elementor-message elementor-message-danger\" role=\"alert\" data-pafe-form-builder-message=\"Det oppstod en feil.\">Det oppstod en feil.<\/div>\r\n\t\t\t<!-- <div class=\"elementor-message elementor-help-inline\" role=\"alert\">Server error. Form not sent.<\/div> -->\r\n\t\t<\/div>\r\n\t\t\t\t\t\t<\/div>\n\t\t\t\t<\/div>\n\t\t\t\t\t<\/div>\n\t\t\t\t<\/div>\n\t\t\t\t<\/div>","protected":false},"excerpt":{"rendered":"<p>FORESP\u00d8RSEL F\u00e5 raskt og enkelt svar p\u00e5 alt du lurer p\u00e5 \u2013 Hvem passer best for din tatovering, hvor mye tid vi vil trenge og en ca pris, helt uforpliktende. Fullf\u00f8r Meldingen er sendt! Det oppstod en feil.<\/p>","protected":false},"author":1,"featured_media":0,"parent":0,"menu_order":0,"comment_status":"closed","ping_status":"closed","template":"","meta":{"_acf_changed":false,"content-type":"","rank_math_lock_modified_date":false,"footnotes":""},"class_list":["post-15924","page","type-page","status-publish","hentry"],"acf":[],"_links":{"self":[{"href":"https:\/\/attitude.no\/eng\/wp-json\/wp\/v2\/pages\/15924","targetHints":{"allow":["GET"]}}],"collection":[{"href":"https:\/\/attitude.no\/eng\/wp-json\/wp\/v2\/pages"}],"about":[{"href":"https:\/\/attitude.no\/eng\/wp-json\/wp\/v2\/types\/page"}],"author":[{"embeddable":true,"href":"https:\/\/attitude.no\/eng\/wp-json\/wp\/v2\/users\/1"}],"replies":[{"embeddable":true,"href":"https:\/\/attitude.no\/eng\/wp-json\/wp\/v2\/comments?post=15924"}],"version-history":[{"count":21,"href":"https:\/\/attitude.no\/eng\/wp-json\/wp\/v2\/pages\/15924\/revisions"}],"predecessor-version":[{"id":21910,"href":"https:\/\/attitude.no\/eng\/wp-json\/wp\/v2\/pages\/15924\/revisions\/21910"}],"wp:attachment":[{"href":"https:\/\/attitude.no\/eng\/wp-json\/wp\/v2\/media?parent=15924"}],"curies":[{"name":"wp","href":"https:\/\/api.w.org\/{rel}","templated":true}]}}